{"id":14803,"date":"2024-05-13T23:09:05","date_gmt":"2024-05-13T23:09:05","guid":{"rendered":"http:\/\/www.gor-al.com.tr\/?post_type=product&#038;p=14803"},"modified":"2024-08-04T15:56:47","modified_gmt":"2024-08-04T15:56:47","slug":"meric-mix-beyaz-altin-lavabo-bataryasi","status":"publish","type":"product","link":"https:\/\/www.gor-al.com.tr\/?product=meric-mix-beyaz-altin-lavabo-bataryasi","title":{"rendered":"Meri\u00e7 Mix Beyaz-Alt\u0131n Lavabo Bataryas\u0131"},"content":{"rendered":"<p><strong>Meri\u00e7 Mix Beyaz-Alt\u0131n Lavabo Bataryas\u0131<\/strong><\/p>\n<p>\u2022 S\u0131cakl\u0131k ve debi limit\u00f6rl\u00fc Seramik Kartu\u015f<\/p>\n<p>\u2022 Otomatik kitlemeli y\u00f6nlendirici<\/p>\n<p>\u2022 Su ak\u0131\u015f\u0131n\u0131 tek noktada toplayan \u201cPerlat\u00f6r\u201d<\/p>\n","protected":false},"excerpt":{"rendered":"<p>Meri\u00e7 Mix Beyaz-Alt\u0131n Lavabo Bataryas\u0131 \u2022 S\u0131cakl\u0131k ve debi limit\u00f6rl\u00fc Seramik Kartu\u015f \u2022 Otomatik kitlemeli y\u00f6nlendirici \u2022 Su ak\u0131\u015f\u0131n\u0131 tek noktada toplayan \u201cPerlat\u00f6r\u201d<\/p>\n","protected":false},"featured_media":14806,"template":"","meta":{"_joinchat":[]},"product_brand":[],"product_cat":[147],"product_tag":[],"class_list":{"0":"post-14803","1":"product","2":"type-product","3":"status-publish","4":"has-post-thumbnail","6":"product_cat-lavabo","9":"first","10":"instock","11":"featured","12":"shipping-taxable","13":"product-type-simple"},"_links":{"self":[{"href":"https:\/\/www.gor-al.com.tr\/index.php?rest_route=\/wp\/v2\/product\/14803","targetHints":{"allow":["GET"]}}],"collection":[{"href":"https:\/\/www.gor-al.com.tr\/index.php?rest_route=\/wp\/v2\/product"}],"about":[{"href":"https:\/\/www.gor-al.com.tr\/index.php?rest_route=\/wp\/v2\/types\/product"}],"version-history":[{"count":1,"href":"https:\/\/www.gor-al.com.tr\/index.php?rest_route=\/wp\/v2\/product\/14803\/revisions"}],"predecessor-version":[{"id":14807,"href":"https:\/\/www.gor-al.com.tr\/index.php?rest_route=\/wp\/v2\/product\/14803\/revisions\/14807"}],"wp:featuredmedia":[{"embeddable":true,"href":"https:\/\/www.gor-al.com.tr\/index.php?rest_route=\/wp\/v2\/media\/14806"}],"wp:attachment":[{"href":"https:\/\/www.gor-al.com.tr\/index.php?rest_route=%2Fwp%2Fv2%2Fmedia&parent=14803"}],"wp:term":[{"taxonomy":"product_brand","embeddable":true,"href":"https:\/\/www.gor-al.com.tr\/index.php?rest_route=%2Fwp%2Fv2%2Fproduct_brand&post=14803"},{"taxonomy":"product_cat","embeddable":true,"href":"https:\/\/www.gor-al.com.tr\/index.php?rest_route=%2Fwp%2Fv2%2Fproduct_cat&post=14803"},{"taxonomy":"product_tag","embeddable":true,"href":"https:\/\/www.gor-al.com.tr\/index.php?rest_route=%2Fwp%2Fv2%2Fproduct_tag&post=14803"}],"curies":[{"name":"wp","href":"https:\/\/api.w.org\/{rel}","templated":true}]}}